{"id":186,"date":"2015-09-04T03:10:41","date_gmt":"2015-09-04T08:10:41","guid":{"rendered":"https:\/\/www.marconawindtrail.com\/?page_id=186"},"modified":"2026-03-15T03:50:52","modified_gmt":"2026-03-15T03:50:52","slug":"mwt","status":"publish","type":"page","link":"https:\/\/swim-trail.com\/ST\/","title":{"rendered":"SwimTrail San Marino"},"content":{"rendered":"\n<div class=\"wp-block-media-text alignwide is-stacked-on-mobile is-image-fill-element has-media-on-the-right\"><figure class=\"wp-block-media-text__media\"><img loading=\"lazy\" decoding=\"async\" width=\"1024\" height=\"610\" src=\"https:\/\/swim-trail.com\/ST\/wp-content\/uploads\/2026\/01\/Playa2-1024x610.jpg\" alt=\"\" class=\"wp-image-8096 size-full\" style=\"object-position:50% 50%\" srcset=\"https:\/\/swim-trail.com\/ST\/wp-content\/uploads\/2026\/01\/Playa2-1024x610.jpg 1024w, https:\/\/swim-trail.com\/ST\/wp-content\/uploads\/2026\/01\/Playa2-300x179.jpg 300w, https:\/\/swim-trail.com\/ST\/wp-content\/uploads\/2026\/01\/Playa2.jpg 1095w\" sizes=\"auto, (max-width: 1024px) 100vw, 1024px\" \/><\/figure><div class=\"wp-block-media-text__content\">\n<p><strong>SwimTrail San Marino es una competencia combinada de nado en aguas abiertas y carrera a campo traviesa (Trail Running) compuesta por 1000 metros de nataci\u00f3n y 10 km de carrera que se desarrollar\u00e1 el <u>domingo 20 de setiembre de 2026<\/u> en el San Marino Condominio &amp; Marina Club, en el Km 210 de la carretera panamericana sur, Pisco, Departamento de Ica.<\/strong><\/p>\n\n\n\n<h2 class=\"wp-block-heading\"><strong>Distancias a San Marino:<\/strong><\/h2>\n\n\n\n<p>Desde Lima:&nbsp;&nbsp;&nbsp;&nbsp;&nbsp;&nbsp;&nbsp; 3 horas<\/p>\n\n\n\n<p>Desde Ica:&nbsp;&nbsp;&nbsp;&nbsp;&nbsp;&nbsp;&nbsp;&nbsp;&nbsp;&nbsp;&nbsp; 1 hora y 15 minutos<\/p>\n\n\n\n<p>Desde Paracas: &nbsp; 45 minutos<\/p>\n\n\n\n<p>Desde Pisco: &nbsp;&nbsp;&nbsp;&nbsp;&nbsp; 20 minutos<\/p>\n\n\n\n<h4 class=\"wp-block-heading\"><\/h4>\n<\/div><\/div>\n\n\n\n<figure class=\"wp-block-image size-full alignjustify\"><a href=\"https:\/\/swim-trail.com\/ST\/mwt\/inscripciones\/\"><img decoding=\"async\" src=\"https:\/\/swim-trail.com\/ST\/wp-content\/uploads\/2020\/02\/frerfqe-scaled.jpg\" alt=\"\" class=\"wp-image-2600\"\/><\/a><\/figure>\n\n\n\n<div class=\"wp-block-media-text alignwide is-stacked-on-mobile is-vertically-aligned-top\"><figure class=\"wp-block-media-text__media\"><img loading=\"lazy\" decoding=\"async\" width=\"418\" height=\"278\" src=\"https:\/\/swim-trail.com\/ST\/wp-content\/uploads\/2026\/01\/Temperatura-del-mar-1.png\" alt=\"\" class=\"wp-image-8100 size-full\" srcset=\"https:\/\/swim-trail.com\/ST\/wp-content\/uploads\/2026\/01\/Temperatura-del-mar-1.png 418w, https:\/\/swim-trail.com\/ST\/wp-content\/uploads\/2026\/01\/Temperatura-del-mar-1-300x200.png 300w\" sizes=\"auto, (max-width: 418px) 100vw, 418px\" \/><\/figure><div class=\"wp-block-media-text__content\">\n<h3 class=\"wp-block-heading has-text-align-justify\"><strong>Condiciones climatol\u00f3gicas:<\/strong><\/h3>\n\n\n\n<p><strong>A diferencia de la bah\u00eda de Paracas, San Marino no tiene vientos fuertes, solamente una brisa ligera durante todo el a\u00f1o, que permite hacer actividades deportivas sin inconvenientes, adem\u00e1s de contar con sol y cielo despejado 280 d\u00edas al a\u00f1o.<\/strong><\/p>\n\n\n\n<p><strong>Respecto a la temperatura del mar, por los suaves vientos y el sol constante, est\u00e1 a 4 grados por encima de la temperatura de las playas de Lima, y muy cerca a la temperatura del mar de Tumbes a lo largo del a\u00f1o, lo que permite nadar con comodidad y adem\u00e1s disfrutar de una tarde de playa y sol despu\u00e9s de la competencia.<\/strong><\/p>\n\n\n\n<h3 class=\"wp-block-heading has-text-align-justify\">\u2728 <strong>SwimTrail <\/strong>San Marino est\u00e1 dise\u00f1ado para aquellas personas que se inician en la nataci\u00f3n en aguas abiertas y trail running, desarroll\u00e1ndose en un ambiente retador y seguro a la vez.<\/h3>\n<\/div><\/div>\n\n\n\n<p><\/p>\n\n\n\n<p class=\"has-small-font-size\" style=\"font-style:normal;font-weight:500\"><\/p>\n\n\n\n<h3 class=\"wp-block-heading has-text-align-center\"><span style=\"color: #ff9900;\"><strong>Rutas y&nbsp;Altimetr\u00eda de SwimTrail San Marino<br><\/strong><\/span>Desde Google Drive podr\u00e1s descargar&nbsp;los mapas, altimetr\u00edas, rutas en GPX y la ficha t\u00e9cnica de cada distancia.<\/h3>\n\n\n\n<h2 class=\"wp-block-heading has-text-align-center\"><strong><span style=\"color: #ff9900;\"><strong><em>S\u00f3lo dale clic a los \u00edconos debajo de cada distancia<\/em><\/strong><\/span><\/strong><\/h2>\n\n\n\n<h1 class=\"wp-block-heading has-text-align-center\"><b>Nataci\u00f3n 1000mts<\/b><\/h1>\n\n\n\n<h4 class=\"wp-block-heading has-text-align-center\"><a href=\"https:\/\/drive.google.com\/file\/d\/1ZE1QsUdbPIblCqe8IfXS7nCR7dMDiRsz\/view?usp=sharing\" target=\"_blank\" rel=\"noreferrer noopener\"><img loading=\"lazy\" decoding=\"async\" width=\"100\" height=\"100\" class=\"wp-image-2771\" style=\"width: 100px;\" src=\"https:\/\/swim-trail.com\/ST\/wp-content\/uploads\/2020\/02\/icono-mapa2.png\" alt=\"Mapa\" srcset=\"https:\/\/swim-trail.com\/ST\/wp-content\/uploads\/2020\/02\/icono-mapa2.png 512w, https:\/\/swim-trail.com\/ST\/wp-content\/uploads\/2020\/02\/icono-mapa2-300x300.png 300w, https:\/\/swim-trail.com\/ST\/wp-content\/uploads\/2020\/02\/icono-mapa2-150x150.png 150w\" sizes=\"auto, (max-width: 100px) 100vw, 100px\" \/><\/a> <a href=\"https:\/\/drive.google.com\/file\/d\/1g6KqIoEHGM4lxd3UlOX8Pr0eVgdvL5L0\/view?usp=sharing\" target=\"_blank\" rel=\"noreferrer noopener\"><img loading=\"lazy\" decoding=\"async\" width=\"100\" height=\"100\" class=\"wp-image-2773\" style=\"width: 100px;\" src=\"https:\/\/swim-trail.com\/ST\/wp-content\/uploads\/2020\/02\/icono-track-gps2.png\" alt=\"\" srcset=\"https:\/\/swim-trail.com\/ST\/wp-content\/uploads\/2020\/02\/icono-track-gps2.png 512w, https:\/\/swim-trail.com\/ST\/wp-content\/uploads\/2020\/02\/icono-track-gps2-300x300.png 300w, https:\/\/swim-trail.com\/ST\/wp-content\/uploads\/2020\/02\/icono-track-gps2-150x150.png 150w\" sizes=\"auto, (max-width: 100px) 100vw, 100px\" \/><\/a><a href=\"https:\/\/drive.google.com\/file\/d\/15m9HnPXEjJimg_x5pLDURZBlXgOynaz5\/view?usp=sharing\" target=\"_blank\" rel=\"noreferrer noopener\"><\/a><\/h4>\n\n\n\n<p class=\"has-text-align-center\"><img decoding=\"async\" class=\"wp-image-2946\" style=\"width: 100px;\" src=\"https:\/\/swim-trail.com\/ST\/wp-content\/uploads\/2020\/04\/icono-ficha-tecnica2.jpg\" alt=\"\"><\/p>\n\n\n\n<h1 class=\"wp-block-heading has-text-align-center\">Trail Running <b>10K<\/b><\/h1>\n\n\n\n<h4 class=\"wp-block-heading has-text-align-center\"><a href=\"https:\/\/drive.google.com\/file\/d\/19VyT_-ZhQ8DuJqmFURzwF8-3vkeJuDx2\/view?usp=sharing\" target=\"_blank\" rel=\"noreferrer noopener\"><img loading=\"lazy\" decoding=\"async\" width=\"100\" height=\"100\" class=\"wp-image-2771\" style=\"width: 100px;\" src=\"https:\/\/swim-trail.com\/ST\/wp-content\/uploads\/2020\/02\/icono-mapa2.png\" alt=\"\" srcset=\"https:\/\/swim-trail.com\/ST\/wp-content\/uploads\/2020\/02\/icono-mapa2.png 512w, https:\/\/swim-trail.com\/ST\/wp-content\/uploads\/2020\/02\/icono-mapa2-300x300.png 300w, https:\/\/swim-trail.com\/ST\/wp-content\/uploads\/2020\/02\/icono-mapa2-150x150.png 150w\" sizes=\"auto, (max-width: 100px) 100vw, 100px\" \/><\/a><a href=\"https:\/\/drive.google.com\/file\/d\/1fsTEuKRPh6f8AjYjAm08hsgRKx_grEbg\/view?usp=sharing\" target=\"_blank\" rel=\"noreferrer noopener\"><img loading=\"lazy\" decoding=\"async\" width=\"100\" height=\"100\" class=\"wp-image-2772\" style=\"width: 100px;\" src=\"https:\/\/swim-trail.com\/ST\/wp-content\/uploads\/2020\/02\/icono-altimetria3.png\" alt=\"\" srcset=\"https:\/\/swim-trail.com\/ST\/wp-content\/uploads\/2020\/02\/icono-altimetria3.png 200w, https:\/\/swim-trail.com\/ST\/wp-content\/uploads\/2020\/02\/icono-altimetria3-150x150.png 150w\" sizes=\"auto, (max-width: 100px) 100vw, 100px\" \/><\/a><a href=\"https:\/\/drive.google.com\/file\/d\/1ZyJgdFof7Tq9nrtzz29nNFX7HGBezdnF\/view?usp=sharing\" target=\"_blank\" rel=\"noreferrer noopener\"><img loading=\"lazy\" decoding=\"async\" width=\"100\" height=\"100\" class=\"wp-image-2773\" style=\"width: 100px;\" src=\"https:\/\/swim-trail.com\/ST\/wp-content\/uploads\/2020\/02\/icono-track-gps2.png\" alt=\"\" srcset=\"https:\/\/swim-trail.com\/ST\/wp-content\/uploads\/2020\/02\/icono-track-gps2.png 512w, https:\/\/swim-trail.com\/ST\/wp-content\/uploads\/2020\/02\/icono-track-gps2-300x300.png 300w, https:\/\/swim-trail.com\/ST\/wp-content\/uploads\/2020\/02\/icono-track-gps2-150x150.png 150w\" sizes=\"auto, (max-width: 100px) 100vw, 100px\" \/><\/a><\/h4>\n\n\n\n<p class=\"has-text-align-center\"><img decoding=\"async\" class=\"wp-image-2946\" style=\"width: 100px;\" src=\"https:\/\/swim-trail.com\/ST\/wp-content\/uploads\/2020\/04\/icono-ficha-tecnica2.jpg\" alt=\"\"><a href=\"https:\/\/drive.google.com\/file\/d\/1AKToH9Llz5nH1sB5YT4PPF_93FuOuQNS\/view?usp=sharing\" target=\"_blank\" rel=\"noreferrer noopener\"><\/a><\/p>\n\n\n\n<h3 class=\"wp-block-heading has-text-align-center\"><\/h3>\n\n\n\n<p><\/p>\n\n\n\n<h3 class=\"wp-block-heading has-text-align-center\"><strong>Fotograf\u00eda<\/strong><\/h3>\n\n\n\n<figure class=\"wp-block-gallery aligncenter has-nested-images columns-3 wp-block-gallery-1 is-layout-flex wp-block-gallery-is-layout-flex\">\n<figure class=\"wp-block-image aligncenter size-large\" style=\"margin-top:var(--wp--preset--spacing--x-large);margin-right:var(--wp--preset--spacing--x-large);margin-bottom:var(--wp--preset--spacing--x-large);margin-left:var(--wp--preset--spacing--x-large)\"><img loading=\"lazy\" decoding=\"async\" width=\"1024\" height=\"610\" data-id=\"8151\" src=\"https:\/\/swim-trail.com\/ST\/wp-content\/uploads\/2026\/01\/Logo-Profocus-1024x610.png\" alt=\"\" class=\"wp-image-8151\" srcset=\"https:\/\/swim-trail.com\/ST\/wp-content\/uploads\/2026\/01\/Logo-Profocus-1024x610.png 1024w, https:\/\/swim-trail.com\/ST\/wp-content\/uploads\/2026\/01\/Logo-Profocus-300x179.png 300w, https:\/\/swim-trail.com\/ST\/wp-content\/uploads\/2026\/01\/Logo-Profocus-2000x1191.png 2000w\" sizes=\"auto, (max-width: 1024px) 100vw, 1024px\" \/><\/figure>\n<\/figure>\n\n\n\n<h3 class=\"wp-block-heading has-text-align-center\"><strong>Auspiciadores<\/strong><\/h3>\n\n\n\n<h4 class=\"wp-block-heading has-text-align-center\">Agradecemos a cada uno de nuestros auspiciadores por apostar por nosotros. Sin su apoyo incondicional no ser\u00eda posible desarrollar esta gran aventura. Esperamos seguir contando con ustedes y as\u00ed, juntos, lograr que SwimTrail San Marino se posicione en el futuro como una de los eventos m\u00e1s importantes a nivel nacional.<\/h4>\n\n\n\n<figure class=\"wp-block-image alignfull size-large\"><img loading=\"lazy\" decoding=\"async\" width=\"1024\" height=\"576\" src=\"https:\/\/swim-trail.com\/ST\/wp-content\/uploads\/2026\/03\/logos-auspiciadores-SwimTrail-2026-1024x576.jpg\" alt=\"\" class=\"wp-image-8241\" srcset=\"https:\/\/swim-trail.com\/ST\/wp-content\/uploads\/2026\/03\/logos-auspiciadores-SwimTrail-2026-1024x576.jpg 1024w, https:\/\/swim-trail.com\/ST\/wp-content\/uploads\/2026\/03\/logos-auspiciadores-SwimTrail-2026-300x169.jpg 300w, https:\/\/swim-trail.com\/ST\/wp-content\/uploads\/2026\/03\/logos-auspiciadores-SwimTrail-2026.jpg 1280w\" sizes=\"auto, (max-width: 1024px) 100vw, 1024px\" \/><\/figure>\n\n\n\n<div class=\"wp-block-group is-layout-flow wp-block-group-is-layout-flow\">\n<div class=\"wp-block-group is-layout-flow wp-block-group-is-layout-flow\">\n<figure class=\"wp-block-image alignleft size-large is-resized is-style-default\"><a href=\"https:\/\/www.instagram.com\/marconawindtrail\/\" target=\"_blank\" rel=\"noreferrer noopener\"><img decoding=\"async\" src=\"https:\/\/swim-trail.com\/ST\/wp-content\/uploads\/2020\/03\/logo-ing-01-1024x1014.png\" alt=\"\" class=\"wp-image-2803\" style=\"width:70px\"\/><\/a><\/figure>\n<\/div>\n<\/div>\n\n\n\n<p><\/p>\n","protected":false},"excerpt":{"rendered":"<p>SwimTrail San Marino es una competencia combinada de nado en aguas abiertas y carrera a campo traviesa (Trail Running) compuesta por 1000 metros de nataci\u00f3n y 10 km de carrera que se desarrollar\u00e1 el domingo 20 de setiembre de 2026 en el San Marino Condominio &amp; Marina Club, en el Km 210 de la carretera &hellip; <\/p>\n<p class=\"link-more\"><a href=\"https:\/\/swim-trail.com\/ST\/\" class=\"more-link\">Leer m\u00e1s<span class=\"screen-reader-text\"> \u00abSwimTrail San Marino\u00bb<\/span><\/a><\/p>\n","protected":false},"author":1,"featured_media":0,"parent":0,"menu_order":0,"comment_status":"closed","ping_status":"closed","template":"template-full-width.php","meta":{"footnotes":""},"class_list":["post-186","page","type-page","status-publish","hentry"],"jetpack_sharing_enabled":true,"_links":{"self":[{"href":"https:\/\/swim-trail.com\/ST\/index.php\/wp-json\/wp\/v2\/pages\/186","targetHints":{"allow":["GET"]}}],"collection":[{"href":"https:\/\/swim-trail.com\/ST\/index.php\/wp-json\/wp\/v2\/pages"}],"about":[{"href":"https:\/\/swim-trail.com\/ST\/index.php\/wp-json\/wp\/v2\/types\/page"}],"author":[{"embeddable":true,"href":"https:\/\/swim-trail.com\/ST\/index.php\/wp-json\/wp\/v2\/users\/1"}],"replies":[{"embeddable":true,"href":"https:\/\/swim-trail.com\/ST\/index.php\/wp-json\/wp\/v2\/comments?post=186"}],"version-history":[{"count":45,"href":"https:\/\/swim-trail.com\/ST\/index.php\/wp-json\/wp\/v2\/pages\/186\/revisions"}],"predecessor-version":[{"id":8242,"href":"https:\/\/swim-trail.com\/ST\/index.php\/wp-json\/wp\/v2\/pages\/186\/revisions\/8242"}],"wp:attachment":[{"href":"https:\/\/swim-trail.com\/ST\/index.php\/wp-json\/wp\/v2\/media?parent=186"}],"curies":[{"name":"wp","href":"https:\/\/api.w.org\/{rel}","templated":true}]}}