{"id":822,"date":"2016-07-30T00:59:44","date_gmt":"2016-07-30T05:59:44","guid":{"rendered":"https:\/\/www.marconawindtrail.com\/?page_id=822"},"modified":"2026-01-30T23:48:10","modified_gmt":"2026-01-30T23:48:10","slug":"contactanos","status":"publish","type":"page","link":"https:\/\/swim-trail.com\/ST\/index.php\/contactanos\/","title":{"rendered":"Cont\u00e1ctanos"},"content":{"rendered":"\n<figure class=\"wp-block-image size-full\"><img loading=\"lazy\" decoding=\"async\" width=\"2560\" height=\"1707\" src=\"https:\/\/swim-trail.com\/ST\/wp-content\/uploads\/2026\/01\/Duatlon-Cross-San-Marino-JCM-456-scaled.jpg\" alt=\"\" class=\"wp-image-8154\" srcset=\"https:\/\/swim-trail.com\/ST\/wp-content\/uploads\/2026\/01\/Duatlon-Cross-San-Marino-JCM-456-scaled.jpg 2560w, https:\/\/swim-trail.com\/ST\/wp-content\/uploads\/2026\/01\/Duatlon-Cross-San-Marino-JCM-456-300x200.jpg 300w, https:\/\/swim-trail.com\/ST\/wp-content\/uploads\/2026\/01\/Duatlon-Cross-San-Marino-JCM-456-1024x683.jpg 1024w, https:\/\/swim-trail.com\/ST\/wp-content\/uploads\/2026\/01\/Duatlon-Cross-San-Marino-JCM-456-2000x1333.jpg 2000w\" sizes=\"auto, (max-width: 2560px) 100vw, 2560px\" \/><\/figure>\n\n\n\n<p class=\"has-medium-font-size\">Puedes contactarte con nosotros a trav\u00e9s de nuestras redes sociales en Instagram y TikTok, o tambi\u00e9n de la siguiente manera:<\/p>\n\n\n\n<p class=\"has-medium-font-size\">Correo electr\u00f3nico: swimtrailperu@gmail.com<br>Tel\u00e9fono \/ Whatsapp: 987528077<\/p>\n\n\n\n<figure class=\"wp-block-image size-full\"><img decoding=\"async\" src=\"https:\/\/swim-trail.com\/ST\/wp-content\/uploads\/2020\/02\/gegr-scaled.jpg\" alt=\"\" class=\"wp-image-2608\"\/><\/figure>\n\n\n\n<figure class=\"wp-block-image alignleft size-large is-resized is-style-default\"><a href=\"https:\/\/www.instagram.com\/marconawindtrail\/\" target=\"_blank\" rel=\"noreferrer noopener\"><img decoding=\"async\" src=\"https:\/\/swim-trail.com\/ST\/wp-content\/uploads\/2020\/03\/logo-ing-01-1024x1014.png\" alt=\"\" class=\"wp-image-2803\" style=\"width:70px\"\/><\/a><\/figure>\n","protected":false},"excerpt":{"rendered":"<p>Puedes contactarte con nosotros a trav\u00e9s de nuestras redes sociales en Instagram y TikTok, o tambi\u00e9n de la siguiente manera: Correo electr\u00f3nico: swimtrailperu@gmail.comTel\u00e9fono \/ Whatsapp: 987528077<\/p>\n","protected":false},"author":1,"featured_media":0,"parent":0,"menu_order":0,"comment_status":"closed","ping_status":"closed","template":"template-full-width.php","meta":{"footnotes":""},"class_list":["post-822","page","type-page","status-publish","hentry"],"jetpack_sharing_enabled":true,"_links":{"self":[{"href":"https:\/\/swim-trail.com\/ST\/index.php\/wp-json\/wp\/v2\/pages\/822","targetHints":{"allow":["GET"]}}],"collection":[{"href":"https:\/\/swim-trail.com\/ST\/index.php\/wp-json\/wp\/v2\/pages"}],"about":[{"href":"https:\/\/swim-trail.com\/ST\/index.php\/wp-json\/wp\/v2\/types\/page"}],"author":[{"embeddable":true,"href":"https:\/\/swim-trail.com\/ST\/index.php\/wp-json\/wp\/v2\/users\/1"}],"replies":[{"embeddable":true,"href":"https:\/\/swim-trail.com\/ST\/index.php\/wp-json\/wp\/v2\/comments?post=822"}],"version-history":[{"count":9,"href":"https:\/\/swim-trail.com\/ST\/index.php\/wp-json\/wp\/v2\/pages\/822\/revisions"}],"predecessor-version":[{"id":8185,"href":"https:\/\/swim-trail.com\/ST\/index.php\/wp-json\/wp\/v2\/pages\/822\/revisions\/8185"}],"wp:attachment":[{"href":"https:\/\/swim-trail.com\/ST\/index.php\/wp-json\/wp\/v2\/media?parent=822"}],"curies":[{"name":"wp","href":"https:\/\/api.w.org\/{rel}","templated":true}]}}