{"id":7980,"date":"2025-11-18T02:24:39","date_gmt":"2025-11-18T02:24:39","guid":{"rendered":"https:\/\/swim-trail.com\/ST\/?post_type=product&#038;p=7980"},"modified":"2026-03-25T16:33:36","modified_gmt":"2026-03-25T16:33:36","slug":"cajatambo-raid-24-km","status":"publish","type":"product","link":"https:\/\/swim-trail.com\/ST\/index.php\/product\/cajatambo-raid-24-km\/","title":{"rendered":"Postas"},"content":{"rendered":"<p>Esta aquatl\u00f3n no es solo un desaf\u00edo f\u00edsico, es una invitaci\u00f3n a <strong>superar l\u00edmites personales<\/strong>. Los 1000 mts de nataci\u00f3n ofrecen la oportunidad de iniciarse en el nado de aguas abiertas con un recorrido intenso pero alcanzable, mientras que los 10km de trail running representan un reto\u00a0 ideal para quienes buscan medir su capacidad en un entorno natural y de campo diverso.<\/p>\n<p>Cada kil\u00f3metro ser\u00e1 un recordatorio de que la naturaleza es tan dura como hermosa, y que la recompensa no est\u00e1 solo en cruzar la meta, sino en el viaje mismo: el aire puro, la conexi\u00f3n con la tierra y la satisfacci\u00f3n de haber conquistado la monta\u00f1a.<\/p>\n","protected":false},"excerpt":{"rendered":"<p>Esta aquatl\u00f3n no es solo un desaf\u00edo f\u00edsico, es una invitaci\u00f3n a superar l\u00edmites personales. Los 1000 mts de nataci\u00f3n ofrecen la oportunidad de iniciarse en el nado de aguas abiertas con un recorrido intenso pero alcanzable, mientras que los 10km de trail running representan un reto\u00a0 ideal para quienes buscan medir su capacidad en &hellip; <\/p>\n<p class=\"link-more\"><a href=\"https:\/\/swim-trail.com\/ST\/index.php\/product\/cajatambo-raid-24-km\/\" class=\"more-link\">Leer m\u00e1s<span class=\"screen-reader-text\"> \u00abPostas\u00bb<\/span><\/a><\/p>\n","protected":false},"featured_media":8159,"template":"","meta":[],"product_brand":[],"product_cat":[20],"product_tag":[],"class_list":{"0":"post-7980","1":"product","2":"type-product","3":"status-publish","4":"has-post-thumbnail","6":"product_cat-distancia","8":"first","9":"instock","10":"sold-individually","11":"shipping-taxable","12":"purchasable","13":"product-type-variable"},"jetpack_sharing_enabled":true,"_links":{"self":[{"href":"https:\/\/swim-trail.com\/ST\/index.php\/wp-json\/wp\/v2\/product\/7980","targetHints":{"allow":["GET"]}}],"collection":[{"href":"https:\/\/swim-trail.com\/ST\/index.php\/wp-json\/wp\/v2\/product"}],"about":[{"href":"https:\/\/swim-trail.com\/ST\/index.php\/wp-json\/wp\/v2\/types\/product"}],"wp:featuredmedia":[{"embeddable":true,"href":"https:\/\/swim-trail.com\/ST\/index.php\/wp-json\/wp\/v2\/media\/8159"}],"wp:attachment":[{"href":"https:\/\/swim-trail.com\/ST\/index.php\/wp-json\/wp\/v2\/media?parent=7980"}],"wp:term":[{"taxonomy":"product_brand","embeddable":true,"href":"https:\/\/swim-trail.com\/ST\/index.php\/wp-json\/wp\/v2\/product_brand?post=7980"},{"taxonomy":"product_cat","embeddable":true,"href":"https:\/\/swim-trail.com\/ST\/index.php\/wp-json\/wp\/v2\/product_cat?post=7980"},{"taxonomy":"product_tag","embeddable":true,"href":"https:\/\/swim-trail.com\/ST\/index.php\/wp-json\/wp\/v2\/product_tag?post=7980"}],"curies":[{"name":"wp","href":"https:\/\/api.w.org\/{rel}","templated":true}]}}